{"id":897,"date":"2023-05-17T13:21:14","date_gmt":"2023-05-17T11:21:14","guid":{"rendered":"https:\/\/skmtrade.sk\/?page_id=897"},"modified":"2023-05-17T13:21:15","modified_gmt":"2023-05-17T11:21:15","slug":"897-2","status":"publish","type":"page","link":"https:\/\/skmtrade.sk\/en\/897-2\/","title":{"rendered":""},"content":{"rendered":"<p class=\"has-luminous-vivid-orange-color has-text-color has-large-font-size\"><strong><em>Pl\u00e1tkov\u00e9 rohov\u00e9 fr\u00e9zy WSM\u00a0za 1.Euro \u2013 WIDIA<\/em><\/strong><\/p>\n\n\n\n<div class=\"wp-block-file\"><object class=\"wp-block-file__embed\" data=\"https:\/\/skmtrade.sk\/wp-content\/uploads\/2023\/05\/AKCIA-WIDIA-VSM11\u2122VSM17\u2122-1.pdf\" type=\"application\/pdf\" style=\"width:100%;height:600px\" aria-label=\"Vlo\u017ei\u0165 &lt;a href=&quot;https:\/\/skmtrade.sk\/wp-content\/uploads\/2023\/02\/NIKKO-DoubleRek-2023.pdf&quot;&gt;stiahnite si pros&iacute;m n&aacute;&scaron; akciov&yacute; let&aacute;k&lt;\/a&gt;.\"><\/object><a id=\"wp-block-file--media-6124a006-09ee-453f-b641-1786a86b37b0\" href=\"https:\/\/skmtrade.sk\/wp-content\/uploads\/2023\/05\/AKCIA-WIDIA-VSM11\u2122VSM17\u2122-1.pdf\"><a href=\"https:\/\/skmtrade.sk\/wp-content\/uploads\/2023\/02\/NIKKO-DoubleRek-2023.pdf\">stiahnite si pros\u00edm n\u00e1\u0161 akciov\u00fd let\u00e1k<\/a><\/a><a href=\"https:\/\/skmtrade.sk\/wp-content\/uploads\/2023\/05\/AKCIA-WIDIA-VSM11\u2122VSM17\u2122-1.pdf\" class=\"wp-block-file__button\" download aria-describedby=\"wp-block-file--media-6124a006-09ee-453f-b641-1786a86b37b0\">Stiahnu\u0165<\/a><\/div>","protected":false},"excerpt":{"rendered":"<p>Pl\u00e1tkov\u00e9 rohov\u00e9 fr\u00e9zy WSM\u00a0za 1.Euro \u2013 WIDIA<\/p>","protected":false},"author":3,"featured_media":0,"parent":0,"menu_order":0,"comment_status":"closed","ping_status":"closed","template":"","meta":[],"_links":{"self":[{"href":"https:\/\/skmtrade.sk\/en\/wp-json\/wp\/v2\/pages\/897"}],"collection":[{"href":"https:\/\/skmtrade.sk\/en\/wp-json\/wp\/v2\/pages"}],"about":[{"href":"https:\/\/skmtrade.sk\/en\/wp-json\/wp\/v2\/types\/page"}],"author":[{"embeddable":true,"href":"https:\/\/skmtrade.sk\/en\/wp-json\/wp\/v2\/users\/3"}],"replies":[{"embeddable":true,"href":"https:\/\/skmtrade.sk\/en\/wp-json\/wp\/v2\/comments?post=897"}],"version-history":[{"count":1,"href":"https:\/\/skmtrade.sk\/en\/wp-json\/wp\/v2\/pages\/897\/revisions"}],"predecessor-version":[{"id":899,"href":"https:\/\/skmtrade.sk\/en\/wp-json\/wp\/v2\/pages\/897\/revisions\/899"}],"wp:attachment":[{"href":"https:\/\/skmtrade.sk\/en\/wp-json\/wp\/v2\/media?parent=897"}],"curies":[{"name":"wp","href":"https:\/\/api.w.org\/{rel}","templated":true}]}}