{"id":38,"date":"2020-01-15T10:13:48","date_gmt":"2020-01-15T09:13:48","guid":{"rendered":"http:\/\/skmtrade.sk\/?page_id=38"},"modified":"2025-07-09T09:13:45","modified_gmt":"2025-07-09T07:13:45","slug":"kontakt","status":"publish","type":"page","link":"https:\/\/skmtrade.sk\/en\/kontakt\/","title":{"rendered":"Contact"},"content":{"rendered":"\n<div class=\"wp-container-3 wp-block-columns\">\n<div class=\"wp-container-1 wp-block-column\">\n<p class=\"has-large-font-size\"><strong>SKM TRADE, s.r.o.<\/strong><\/p>\n\n\n\n<p>Hru\u0161tiny 602<br>010 01, \u017dilina<br>Slovensk\u00e1 republika<\/p>\n\n\n\n<p><strong>I\u010cO<\/strong>: 36&nbsp;739&nbsp;103<br><strong>DI\u010c<\/strong>: 2022326196<br><strong>I\u010c DPH<\/strong>: SK2022326196<br>obchodn\u00fd register:&nbsp;<a href=\"http:\/\/www.orsr.sk\/vypis.asp?ID=91835&amp;SID=5&amp;P=0\" target=\"_blank\" rel=\"noreferrer noopener\" aria-label=\" (otvor\u00ed sa v novej karte)\">www.orsr.sk<\/a><\/p>\n\n\n\n<p><strong>R\u00f3bert Stranianek<\/strong><br>tel.: +421&nbsp;911&nbsp;638&nbsp;937<\/p>\n\n\n\n<p><strong>Rastislav Stranianek<\/strong><br>tel.: +421&nbsp;911&nbsp;590&nbsp;510<\/p>\n\n\n\n<p><strong>Lenka Kub\u00edkov\u00e1<\/strong><br>tel.: +421&nbsp;911&nbsp;490&nbsp;410<\/p>\n\n\n\n<p><strong>Ing. \u0160tefan Ma\u0161lar&nbsp;\u2013 obchodn\u00fd z\u00e1stupca pre V\u00fdchodn\u00e9 Slovensko<\/strong><br>tel.: +421&nbsp;0907&nbsp;919&nbsp;873<\/p>\n\n\n\n<p>e-mail:&nbsp;<a href=\"mailto:skmtrade@skmtrade.sk\">skmtrade@skmtrade.sk<\/a><\/p>\n\n\n\n<p>Bankov\u00e9 spojenie:<br>V\u00daB, a.s. \u017dilina<br><strong>IBAN<\/strong>: SK61 0200 0000 0030 5205 1954<br><strong>SWIFT<\/strong>: SUBASKBX<\/p>\n<\/div>\n\n\n\n<div class=\"wp-container-2 wp-block-column\">\n<div class=\"wpforms-container wpforms-container-full\" id=\"wpforms-52\"><form id=\"wpforms-form-52\" class=\"wpforms-validate wpforms-form wpforms-ajax-form\" data-formid=\"52\" method=\"post\" enctype=\"multipart\/form-data\" action=\"\/en\/wp-json\/wp\/v2\/pages\/38\" data-token=\"ffc686db64d538cf3b0bfabe4e789eea\" data-token-time=\"1778405949\"><noscript class=\"wpforms-error-noscript\">Please enable JavaScript in your browser to complete this form.<\/noscript><div class=\"wpforms-field-container\"><div id=\"wpforms-52-field_0-container\" class=\"wpforms-field wpforms-field-name\" data-field-id=\"0\"><label class=\"wpforms-field-label\" for=\"wpforms-52-field_0\">Meno <span class=\"wpforms-required-label\">*<\/span><\/label><input type=\"text\" id=\"wpforms-52-field_0\" class=\"wpforms-field-medium wpforms-field-required\" name=\"wpforms[fields][0]\" required><\/div><div id=\"wpforms-52-field_1-container\" class=\"wpforms-field wpforms-field-email\" data-field-id=\"1\"><label class=\"wpforms-field-label\" for=\"wpforms-52-field_1\">Email <span class=\"wpforms-required-label\">*<\/span><\/label><input type=\"email\" id=\"wpforms-52-field_1\" class=\"wpforms-field-medium wpforms-field-required\" name=\"wpforms[fields][1]\" spellcheck=\"false\" required><\/div><div id=\"wpforms-52-field_2-container\" class=\"wpforms-field wpforms-field-textarea\" data-field-id=\"2\"><label class=\"wpforms-field-label\" for=\"wpforms-52-field_2\">Obsah spr\u00e1vy <span class=\"wpforms-required-label\">*<\/span><\/label><textarea id=\"wpforms-52-field_2\" class=\"wpforms-field-medium wpforms-field-required\" name=\"wpforms[fields][2]\" required><\/textarea><\/div><\/div><!-- .wpforms-field-container --><div class=\"wpforms-field wpforms-field-hp\"><label for=\"wpforms-52-field-hp\" class=\"wpforms-field-label\">Message<\/label><input type=\"text\" name=\"wpforms[hp]\" id=\"wpforms-52-field-hp\" class=\"wpforms-field-medium\"><\/div><div class=\"wpforms-recaptcha-container wpforms-is-recaptcha wpforms-is-recaptcha-type-v2\" ><div class=\"g-recaptcha\" data-sitekey=\"6LdtNg0pAAAAAKkeSORVabIq-CCw2BJNkbShCcRU\"><\/div><input type=\"text\" name=\"g-recaptcha-hidden\" class=\"wpforms-recaptcha-hidden\" style=\"position:absolute!important;clip:rect(0,0,0,0)!important;height:1px!important;width:1px!important;border:0!important;overflow:hidden!important;padding:0!important;margin:0!important;\" data-rule-recaptcha=\"1\"><\/div><div class=\"wpforms-submit-container\" ><input type=\"hidden\" name=\"wpforms[id]\" value=\"52\"><input type=\"hidden\" name=\"page_title\" value=\"\"><input type=\"hidden\" name=\"page_url\" value=\"https:\/\/skmtrade.sk\/en\/wp-json\/wp\/v2\/pages\/38\"><input type=\"hidden\" name=\"url_referer\" value=\"\"><button type=\"submit\" name=\"wpforms[submit]\" id=\"wpforms-submit-52\" class=\"wpforms-submit\" data-alt-text=\"Odosielam...\" data-submit-text=\"Odosla\u0165\" aria-live=\"assertive\" value=\"wpforms-submit\">Odosla\u0165<\/button><img src=\"https:\/\/skmtrade.sk\/wp-content\/plugins\/wpforms-lite\/assets\/images\/submit-spin.svg\" class=\"wpforms-submit-spinner\" style=\"display: none;\" width=\"26\" height=\"26\" alt=\"Loading\"><\/div><\/form><\/div>  <!-- .wpforms-container -->\n<\/div>\n<\/div>\n\n\n\n<hr class=\"wp-block-separator has-css-opacity\"\/>\n\n\n\n<div class=\"wp-container-4 wp-block-columns\"><\/div>\n\n\n\n<!-- <iframe loading=\"lazy\" src=\"https:\/\/www.google.com\/maps\/embed?pb=!1m18!1m12!1m3!1d2606.6480034783!2d18.73608041587539!3d49.207236684034065!2m3!1f0!2f0!3f0!3m2!1i1024!2i768!4f13.1!3m3!1m2!1s0x47145eb679ad9705%3A0x248b4874cd586ba8!2sAntona%20Petrovsk%C3%A9ho%202528%2F21%2C%20010%2001%20%C5%BDilina!5e0!3m2!1ssk!2ssk!4v1579104917930!5m2!1ssk!2ssk\" width=\"100%\" height=\"450\" frameborder=\"0\" style=\"border:0;\" allowfullscreen=\"\"><\/iframe> -->\n\n<div style=\"width: 100%\"><iframe loading=\"lazy\" width=\"100%\" height=\"450\" frameborder=\"0\" scrolling=\"no\" marginheight=\"0\" marginwidth=\"0\" src=\"https:\/\/maps.google.com\/maps?width=100%25&amp;height=450&amp;hl=en&amp;q=Hru%C5%A1tiny%20602%20010%2001,%20%C5%BDilina+(SKM%20Trade,%20s.r.o.)&amp;t=&amp;z=14&amp;ie=UTF8&amp;iwloc=B&amp;output=embed\"><\/iframe><a href=\"https:\/\/www.maps.ie\/map-my-route\/\">Measure Route Distance<\/a><\/div>\n\n\n\n<p><\/p>\n","protected":false},"excerpt":{"rendered":"<p>SKM TRADE, s.r.o. Hru\u0161tiny 602010 01, \u017dilinaSlovensk\u00e1 republika I\u010cO: 36&nbsp;739&nbsp;103DI\u010c: 2022326196I\u010c DPH: SK2022326196obchodn\u00fd register:&nbsp;www.orsr.sk R\u00f3bert Stranianektel.: +421&nbsp;911&nbsp;638&nbsp;937 Rastislav Stranianektel.: +421&nbsp;911&nbsp;590&nbsp;510 Lenka Kub\u00edkov\u00e1tel.: +421&nbsp;911&nbsp;490&nbsp;410 Ing. \u0160tefan Ma\u0161lar&nbsp;\u2013 obchodn\u00fd z\u00e1stupca pre V\u00fdchodn\u00e9 Slovenskotel.: +421&nbsp;0907&nbsp;919&nbsp;873 e-mail:&nbsp;skmtrade@skmtrade.sk Bankov\u00e9 spojenie:V\u00daB, a.s. \u017dilinaIBAN: SK61 0200 0000 0030 5205 1954SWIFT: SUBASKBX Measure Route Distance<\/p>","protected":false},"author":1,"featured_media":0,"parent":0,"menu_order":5,"comment_status":"closed","ping_status":"closed","template":"","meta":[],"_links":{"self":[{"href":"https:\/\/skmtrade.sk\/en\/wp-json\/wp\/v2\/pages\/38"}],"collection":[{"href":"https:\/\/skmtrade.sk\/en\/wp-json\/wp\/v2\/pages"}],"about":[{"href":"https:\/\/skmtrade.sk\/en\/wp-json\/wp\/v2\/types\/page"}],"author":[{"embeddable":true,"href":"https:\/\/skmtrade.sk\/en\/wp-json\/wp\/v2\/users\/1"}],"replies":[{"embeddable":true,"href":"https:\/\/skmtrade.sk\/en\/wp-json\/wp\/v2\/comments?post=38"}],"version-history":[{"count":18,"href":"https:\/\/skmtrade.sk\/en\/wp-json\/wp\/v2\/pages\/38\/revisions"}],"predecessor-version":[{"id":989,"href":"https:\/\/skmtrade.sk\/en\/wp-json\/wp\/v2\/pages\/38\/revisions\/989"}],"wp:attachment":[{"href":"https:\/\/skmtrade.sk\/en\/wp-json\/wp\/v2\/media?parent=38"}],"curies":[{"name":"wp","href":"https:\/\/api.w.org\/{rel}","templated":true}]}}