{"id":36,"date":"2020-01-15T10:13:34","date_gmt":"2020-01-15T09:13:34","guid":{"rendered":"http:\/\/skmtrade.sk\/?page_id=36"},"modified":"2020-01-15T18:22:17","modified_gmt":"2020-01-15T17:22:17","slug":"kariera","status":"publish","type":"page","link":"https:\/\/skmtrade.sk\/en\/kariera\/","title":{"rendered":"Kari\u00e9ra"},"content":{"rendered":"<p class=\"has-text-align-center\">V s\u00fa\u010dasnosti nem\u00e1me \u017eiadne vo\u013en\u00e9 pracovn\u00e9 poz\u00edcie. M\u00f4\u017eete n\u00e1m v\u0161ak poslat va\u0161e CV. <\/p>\n\n\n\n<hr class=\"wp-block-separator\"\/>\n\n\n\n<div class=\"wp-block-button aligncenter\"><a class=\"wp-block-button__link has-text-color has-very-dark-gray-color has-background has-luminous-vivid-amber-background-color\" href=\"mailto:etec@etec.sk\">Posla\u0165 \u017eivotopis<\/a><\/div>\n\n\n\n<p><\/p>","protected":false},"excerpt":{"rendered":"<p>V s\u00fa\u010dasnosti nem\u00e1me \u017eiadne vo\u013en\u00e9 pracovn\u00e9 poz\u00edcie. M\u00f4\u017eete n\u00e1m v\u0161ak poslat va\u0161e CV.<\/p>","protected":false},"author":1,"featured_media":0,"parent":0,"menu_order":4,"comment_status":"closed","ping_status":"closed","template":"","meta":[],"_links":{"self":[{"href":"https:\/\/skmtrade.sk\/en\/wp-json\/wp\/v2\/pages\/36"}],"collection":[{"href":"https:\/\/skmtrade.sk\/en\/wp-json\/wp\/v2\/pages"}],"about":[{"href":"https:\/\/skmtrade.sk\/en\/wp-json\/wp\/v2\/types\/page"}],"author":[{"embeddable":true,"href":"https:\/\/skmtrade.sk\/en\/wp-json\/wp\/v2\/users\/1"}],"replies":[{"embeddable":true,"href":"https:\/\/skmtrade.sk\/en\/wp-json\/wp\/v2\/comments?post=36"}],"version-history":[{"count":5,"href":"https:\/\/skmtrade.sk\/en\/wp-json\/wp\/v2\/pages\/36\/revisions"}],"predecessor-version":[{"id":99,"href":"https:\/\/skmtrade.sk\/en\/wp-json\/wp\/v2\/pages\/36\/revisions\/99"}],"wp:attachment":[{"href":"https:\/\/skmtrade.sk\/en\/wp-json\/wp\/v2\/media?parent=36"}],"curies":[{"name":"wp","href":"https:\/\/api.w.org\/{rel}","templated":true}]}}