{"id":357,"date":"2020-08-06T08:28:56","date_gmt":"2020-08-06T06:28:56","guid":{"rendered":"http:\/\/skmtrade.sk\/?page_id=357"},"modified":"2026-04-09T09:25:14","modified_gmt":"2026-04-09T07:25:14","slug":"akcie","status":"publish","type":"page","link":"https:\/\/skmtrade.sk\/en\/akcie\/","title":{"rendered":"Discounts"},"content":{"rendered":"<h2 class=\"has-luminous-vivid-orange-color has-text-color has-large-font-size\"><strong><strong>R\u00fdchloposuvov\u00e9 fr\u00e9zy HF4PLUS za 1,- \u20ac &#8211; NIKKO<\/strong><\/strong> <\/h2>\n\n\n\n<div class=\"wp-block-file\"><object class=\"wp-block-file__embed\" data=\"https:\/\/skmtrade.sk\/wp-content\/uploads\/2026\/04\/NIKKO-HF4PLUS-2026.pdf\" type=\"application\/pdf\" style=\"width:100%;height:600px\" aria-label=\"Vlo\u017ei\u0165 stiahnite si pros\u00edm n\u00e1\u0161 akciov\u00fd let\u00e1k.\"><\/object><a id=\"wp-block-file--media-ef030865-efe5-436c-b31f-a07ee90e9ba4\" href=\"https:\/\/skmtrade.sk\/wp-content\/uploads\/2026\/04\/NIKKO-HF4PLUS-2026.pdf\">stiahnite si pros\u00edm n\u00e1\u0161 akciov\u00fd let\u00e1k<\/a><a href=\"https:\/\/skmtrade.sk\/wp-content\/uploads\/2026\/04\/NIKKO-HF4PLUS-2026.pdf\" class=\"wp-block-file__button\" download aria-describedby=\"wp-block-file--media-ef030865-efe5-436c-b31f-a07ee90e9ba4\">Stiahnu\u0165<\/a><\/div>\n\n\n\n<h2 class=\"has-luminous-vivid-orange-color has-text-color has-large-font-size\"><strong><strong>Tvrdokovov\u00e9 vysokov\u00fdkonn\u00e9 frezy HF &#8211;\u00a0OSAWA<\/strong><\/strong><\/h2>\n\n\n\n<div class=\"wp-block-file\"><object class=\"wp-block-file__embed\" data=\"https:\/\/skmtrade.sk\/wp-content\/uploads\/2026\/04\/OSAWA-HF-Promo-Milling-\u00b426-1.pdf\" type=\"application\/pdf\" style=\"width:100%;height:600px\" aria-label=\"Vlo\u017ei\u0165 stiahnite si pros\u00edm n\u00e1\u0161 akciov\u00fd let\u00e1k.\"><\/object><a id=\"wp-block-file--media-c89c216b-86f6-4f20-a42b-e51ae73b2d02\" href=\"https:\/\/skmtrade.sk\/wp-content\/uploads\/2026\/04\/OSAWA-HF-Promo-Milling-\u00b426-1.pdf\">stiahnite si pros\u00edm n\u00e1\u0161 akciov\u00fd let\u00e1k<\/a><a href=\"https:\/\/skmtrade.sk\/wp-content\/uploads\/2026\/04\/OSAWA-HF-Promo-Milling-\u00b426-1.pdf\" class=\"wp-block-file__button\" download aria-describedby=\"wp-block-file--media-c89c216b-86f6-4f20-a42b-e51ae73b2d02\">Stiahnu\u0165<\/a><\/div>","protected":false},"excerpt":{"rendered":"<p>R\u00fdchloposuvov\u00e9 fr\u00e9zy HF4PLUS za 1,- \u20ac &#8211; NIKKO Tvrdokovov\u00e9 vysokov\u00fdkonn\u00e9 frezy HF &#8211;\u00a0OSAWA<\/p>","protected":false},"author":2,"featured_media":0,"parent":0,"menu_order":0,"comment_status":"closed","ping_status":"closed","template":"","meta":[],"_links":{"self":[{"href":"https:\/\/skmtrade.sk\/en\/wp-json\/wp\/v2\/pages\/357"}],"collection":[{"href":"https:\/\/skmtrade.sk\/en\/wp-json\/wp\/v2\/pages"}],"about":[{"href":"https:\/\/skmtrade.sk\/en\/wp-json\/wp\/v2\/types\/page"}],"author":[{"embeddable":true,"href":"https:\/\/skmtrade.sk\/en\/wp-json\/wp\/v2\/users\/2"}],"replies":[{"embeddable":true,"href":"https:\/\/skmtrade.sk\/en\/wp-json\/wp\/v2\/comments?post=357"}],"version-history":[{"count":192,"href":"https:\/\/skmtrade.sk\/en\/wp-json\/wp\/v2\/pages\/357\/revisions"}],"predecessor-version":[{"id":1096,"href":"https:\/\/skmtrade.sk\/en\/wp-json\/wp\/v2\/pages\/357\/revisions\/1096"}],"wp:attachment":[{"href":"https:\/\/skmtrade.sk\/en\/wp-json\/wp\/v2\/media?parent=357"}],"curies":[{"name":"wp","href":"https:\/\/api.w.org\/{rel}","templated":true}]}}