{"id":32,"date":"2020-01-15T10:12:06","date_gmt":"2020-01-15T09:12:06","guid":{"rendered":"http:\/\/skmtrade.sk\/?page_id=32"},"modified":"2020-01-15T18:33:26","modified_gmt":"2020-01-15T17:33:26","slug":"technologie","status":"publish","type":"page","link":"https:\/\/skmtrade.sk\/en\/nase-sluzby\/technologie\/","title":{"rendered":"Technol\u00f3gie"},"content":{"rendered":"<p>V oblasti technol\u00f3gi\u00ed zabezpe\u010dujeme projek\u010dn\u00fa a realiza\u010dn\u00fa \u010dinnos\u0165 pri budovan\u00ed technologick\u00fdch celkov pre tepl\u00e1renstvo, chemick\u00fd, petrochemick\u00fd, hutn\u00edcky a&nbsp;stroj\u00e1rsky priemysel.<\/p>\n\n\n\n<div class=\"wp-block-image\"><figure class=\"aligncenter size-large\"><img loading=\"lazy\" width=\"650\" height=\"570\" src=\"http:\/\/skmtrade.sk\/wp-content\/uploads\/2020\/01\/technologie-e1579106375856.jpg\" alt=\"\" class=\"wp-image-62\" srcset=\"https:\/\/skmtrade.sk\/wp-content\/uploads\/2020\/01\/technologie-e1579106375856.jpg 650w, https:\/\/skmtrade.sk\/wp-content\/uploads\/2020\/01\/technologie-e1579106375856-300x263.jpg 300w\" sizes=\"(max-width: 650px) 100vw, 650px\" \/><\/figure><\/div>\n\n\n\n<div class=\"wp-block-button aligncenter\"><a class=\"wp-block-button__link has-text-color has-very-dark-gray-color has-background has-luminous-vivid-amber-background-color\" href=\"http:\/\/skmtrade.sk\/en\/referencie\/\"><strong>NA\u0160E REFERENCIE<\/strong><\/a><\/div>","protected":false},"excerpt":{"rendered":"<p>V oblasti technol\u00f3gi\u00ed zabezpe\u010dujeme projek\u010dn\u00fa a realiza\u010dn\u00fa \u010dinnos\u0165 pri budovan\u00ed technologick\u00fdch celkov pre tepl\u00e1renstvo, chemick\u00fd, petrochemick\u00fd, hutn\u00edcky a&nbsp;stroj\u00e1rsky priemysel.<\/p>","protected":false},"author":1,"featured_media":0,"parent":28,"menu_order":1,"comment_status":"closed","ping_status":"closed","template":"page-template\/page-with-left-sidebar.php","meta":[],"_links":{"self":[{"href":"https:\/\/skmtrade.sk\/en\/wp-json\/wp\/v2\/pages\/32"}],"collection":[{"href":"https:\/\/skmtrade.sk\/en\/wp-json\/wp\/v2\/pages"}],"about":[{"href":"https:\/\/skmtrade.sk\/en\/wp-json\/wp\/v2\/types\/page"}],"author":[{"embeddable":true,"href":"https:\/\/skmtrade.sk\/en\/wp-json\/wp\/v2\/users\/1"}],"replies":[{"embeddable":true,"href":"https:\/\/skmtrade.sk\/en\/wp-json\/wp\/v2\/comments?post=32"}],"version-history":[{"count":4,"href":"https:\/\/skmtrade.sk\/en\/wp-json\/wp\/v2\/pages\/32\/revisions"}],"predecessor-version":[{"id":107,"href":"https:\/\/skmtrade.sk\/en\/wp-json\/wp\/v2\/pages\/32\/revisions\/107"}],"up":[{"embeddable":true,"href":"https:\/\/skmtrade.sk\/en\/wp-json\/wp\/v2\/pages\/28"}],"wp:attachment":[{"href":"https:\/\/skmtrade.sk\/en\/wp-json\/wp\/v2\/media?parent=32"}],"curies":[{"name":"wp","href":"https:\/\/api.w.org\/{rel}","templated":true}]}}