{"id":30,"date":"2020-01-15T10:11:43","date_gmt":"2020-01-15T09:11:43","guid":{"rendered":"http:\/\/skmtrade.sk\/?page_id=30"},"modified":"2020-01-15T18:25:56","modified_gmt":"2020-01-15T17:25:56","slug":"technicke-zariadenia-budov-a-energetika","status":"publish","type":"page","link":"https:\/\/skmtrade.sk\/en\/nase-sluzby\/technicke-zariadenia-budov-a-energetika\/","title":{"rendered":"Technick\u00e9 zariadenia budov a Energetika"},"content":{"rendered":"<p>V oblasti technick\u00fdch zariaden\u00ed budov zabezpe\u010dujeme projek\u010dn\u00fa a realiza\u010dn\u00fa \u010dinnos\u0165 v rozsahu profesi\u00ed:<\/p>\n\n\n\n<ul><li><strong>Vykurovanie&nbsp;<\/strong>(zdroje tepla, kotolne, v\u00fdmenn\u00edkov\u00e9 stanice, rozvody \u00fastredn\u00e9ho vykurovania a T\u00daV)<\/li><li><strong>Vzduchotechnika<\/strong>&nbsp;(VZT jednotky, rozvody a komponenty VZT)<\/li><li><strong>Chladenie a klimatiz\u00e1cia<\/strong>&nbsp;(zdroje a z\u00e1sobn\u00edky chladu, rozvody chladu, klimatiza\u010dn\u00e9 jednotky a zariadenia)<\/li><li><strong>Zdravotechnika<\/strong>&nbsp;(zria\u010fovacie predmety, sanit\u00e1rna technika a rozvody ZTI)<\/li><li><strong>Meranie a regul\u00e1cia<\/strong>&nbsp;(riadiace syst\u00e9my, elektroin\u0161tal\u00e1cia, hydraulick\u00e9 vyregulovanie, termostatiz\u00e1cia) &#8211; V oblasti merania a regul\u00e1cie zabezpe\u010dujeme realiz\u00e1ciu in\u0161tal\u00e1ci\u00ed riadiacich syst\u00e9mov pre bezobslu\u017en\u00e9 riadenie technol\u00f3gi\u00ed kotoln\u00ed, v\u00fdmenn\u00edkov\u00fdch stan\u00edc a r\u00f4znych technologick\u00fdch celkov. V oblasti termostatiz\u00e1cie a hydraulick\u00e9ho vyregulovania zabezpe\u010dujeme kompletn\u00fa projek\u010dn\u00fa a realiza\u010dn\u00fa \u010dinnos\u0165.<\/li><\/ul>\n\n\n\n<div class=\"wp-block-image\"><figure class=\"aligncenter size-large\"><img loading=\"lazy\" width=\"650\" height=\"570\" src=\"http:\/\/skmtrade.sk\/wp-content\/uploads\/2020\/01\/energetika-e1579106399174.jpg\" alt=\"\" class=\"wp-image-61\" srcset=\"https:\/\/skmtrade.sk\/wp-content\/uploads\/2020\/01\/energetika-e1579106399174.jpg 650w, https:\/\/skmtrade.sk\/wp-content\/uploads\/2020\/01\/energetika-e1579106399174-300x263.jpg 300w\" sizes=\"(max-width: 650px) 100vw, 650px\" \/><\/figure><\/div>\n\n\n\n<p>Predmetom tejto \u010dinnosti je dod\u00e1vka a mont\u00e1\u017e zariaden\u00ed pre hydraulick\u00e9 vyregulovanie, termostatiz\u00e1ciu a nasadenie pomerov\u00fdch mera\u010dov tepla v objektoch bytovej a administrat\u00edvnej oblasti.<\/p>\n\n\n\n<p>Pre komplex riadiacich syst\u00e9mov dod\u00e1vame centr\u00e1lne dispe\u010dersk\u00e9 pracovisk\u00e1 pre dia\u013ekov\u00fd prenos \u00fadajov, ich monitorovanie a riadenie r\u00f4znych technol\u00f3gi\u00ed z jedn\u00e9ho centra.<\/p>\n\n\n\n<p>V r\u00e1mci MaR zabezpe\u010dujeme meranie tepla, vody, plynu, elektrickej energie, prietokov a v\u00fd\u0161ky hlad\u00edn r\u00f4znych druhov m\u00e9di\u00ed.Pri realiz\u00e1cii jednotliv\u00fdch profesi\u00ed zabezpe\u010dujeme ich dod\u00e1vku, mont\u00e1\u017e a jednozna\u010dn\u00fa koordin\u00e1ciu s oh\u013eadom na s\u00favisiace in\u017einierske a realiza\u010dn\u00e9 \u010dinnosti, tak aby bolo mo\u017en\u00e9 investorovi odovzda\u0165 ucelen\u00e9 funk\u010dn\u00e9 dielo technick\u00e9ho zariadenia jednotliv\u00fdch objektov.V oblasti energetiky zabezpe\u010dujeme projek\u010dn\u00fa a realiza\u010dn\u00fa \u010dinnos\u0165 pri budovan\u00ed zdrojov tepla, kotoln\u00ed, plynofik\u00e1ci\u00ed, v\u00fdmenn\u00edkov\u00fdch stan\u00edc, rozvodov tepla, pary, vody a plynu.<\/p>\n\n\n\n<p>Do tejto oblasti spadaj\u00fa aj netradi\u010dn\u00e9 formy vykurovania, prostredn\u00edctvom rekuper\u00e1cie odpadov\u00e9ho tepla pri r\u00f4znych druhoch v\u00fdroby a technol\u00f3gi\u00ed. Vyu\u017e\u00edvanie slne\u010dnej energie prostredn\u00edctvom slne\u010dn\u00fdch kolektorov a budovanie zdrojov tepla na biomasu.<\/p>\n\n\n\n<div class=\"wp-block-button aligncenter\"><a class=\"wp-block-button__link has-text-color has-very-dark-gray-color has-background has-luminous-vivid-amber-background-color\" href=\"http:\/\/skmtrade.sk\/en\/referencie\/\"><strong>NA\u0160E REFERENCIE<\/strong><\/a><\/div>\n\n\n\n<p><\/p>","protected":false},"excerpt":{"rendered":"<p>V oblasti technick\u00fdch zariaden\u00ed budov zabezpe\u010dujeme projek\u010dn\u00fa a realiza\u010dn\u00fa \u010dinnos\u0165 v rozsahu profesi\u00ed: Vykurovanie&nbsp;(zdroje tepla, kotolne, v\u00fdmenn\u00edkov\u00e9 stanice, rozvody \u00fastredn\u00e9ho vykurovania a T\u00daV) Vzduchotechnika&nbsp;(VZT jednotky, rozvody a komponenty VZT) Chladenie a klimatiz\u00e1cia&nbsp;(zdroje a z\u00e1sobn\u00edky chladu, rozvody chladu, klimatiza\u010dn\u00e9 jednotky a zariadenia) Zdravotechnika&nbsp;(zria\u010fovacie predmety, sanit\u00e1rna technika a rozvody ZTI) Meranie a regul\u00e1cia&nbsp;(riadiace syst\u00e9my, elektroin\u0161tal\u00e1cia, hydraulick\u00e9 vyregulovanie, [&hellip;]<\/p>\n","protected":false},"author":1,"featured_media":0,"parent":28,"menu_order":1,"comment_status":"closed","ping_status":"closed","template":"page-template\/page-with-left-sidebar.php","meta":[],"_links":{"self":[{"href":"https:\/\/skmtrade.sk\/en\/wp-json\/wp\/v2\/pages\/30"}],"collection":[{"href":"https:\/\/skmtrade.sk\/en\/wp-json\/wp\/v2\/pages"}],"about":[{"href":"https:\/\/skmtrade.sk\/en\/wp-json\/wp\/v2\/types\/page"}],"author":[{"embeddable":true,"href":"https:\/\/skmtrade.sk\/en\/wp-json\/wp\/v2\/users\/1"}],"replies":[{"embeddable":true,"href":"https:\/\/skmtrade.sk\/en\/wp-json\/wp\/v2\/comments?post=30"}],"version-history":[{"count":14,"href":"https:\/\/skmtrade.sk\/en\/wp-json\/wp\/v2\/pages\/30\/revisions"}],"predecessor-version":[{"id":102,"href":"https:\/\/skmtrade.sk\/en\/wp-json\/wp\/v2\/pages\/30\/revisions\/102"}],"up":[{"embeddable":true,"href":"https:\/\/skmtrade.sk\/en\/wp-json\/wp\/v2\/pages\/28"}],"wp:attachment":[{"href":"https:\/\/skmtrade.sk\/en\/wp-json\/wp\/v2\/media?parent=30"}],"curies":[{"name":"wp","href":"https:\/\/api.w.org\/{rel}","templated":true}]}}