{"id":28,"date":"2020-01-15T10:10:55","date_gmt":"2020-01-15T09:10:55","guid":{"rendered":"http:\/\/skmtrade.sk\/?page_id=28"},"modified":"2020-10-10T15:40:11","modified_gmt":"2020-10-10T13:40:11","slug":"nase-sluzby","status":"publish","type":"page","link":"http:\/\/skmtrade.sk\/en\/nase-sluzby\/","title":{"rendered":"SERVICES"},"content":{"rendered":"<div class=\"wp-container-5 wp-block-columns\">\n<div class=\"wp-container-1 wp-block-column\">\n<figure class=\"wp-block-image size-large\"><a href=\"\/en\/walter-sustruzenie-vrtanie-zavitovanie-frezovanie-upinanie\/\"><img loading=\"lazy\" width=\"600\" height=\"400\" src=\"http:\/\/skmtrade.sk\/wp-content\/uploads\/2020\/10\/img-sustruzenie.jpg\" alt=\"\" class=\"wp-image-485\" srcset=\"https:\/\/skmtrade.sk\/wp-content\/uploads\/2020\/10\/img-sustruzenie.jpg 600w, https:\/\/skmtrade.sk\/wp-content\/uploads\/2020\/10\/img-sustruzenie-300x200.jpg 300w\" sizes=\"(max-width: 600px) 100vw, 600px\" \/><\/a><\/figure>\n\n\n\n<p>Turning <\/p>\n<\/div>\n\n\n\n<div class=\"wp-container-2 wp-block-column\">\n<figure class=\"wp-block-image size-large\"><a href=\"\/en\/tk-vrtaky-a-frezy\/\"><img loading=\"lazy\" width=\"600\" height=\"400\" src=\"http:\/\/skmtrade.sk\/wp-content\/uploads\/2020\/10\/img-vrtanie.jpg\" alt=\"\" class=\"wp-image-481\" srcset=\"https:\/\/skmtrade.sk\/wp-content\/uploads\/2020\/10\/img-vrtanie.jpg 600w, https:\/\/skmtrade.sk\/wp-content\/uploads\/2020\/10\/img-vrtanie-300x200.jpg 300w\" sizes=\"(max-width: 600px) 100vw, 600px\" \/><\/a><\/figure>\n\n\n\n<p> <a href=\"http:\/\/skmtrade.sk\/en\/tk-vrtaky-a-frezy\/\">Drilling<\/a> <\/p>\n<\/div>\n\n\n\n<div class=\"wp-container-3 wp-block-column\">\n<figure class=\"wp-block-image size-large\"><a href=\"\/en\/nastroje-na-rezanie-zavitov\/\"><img loading=\"lazy\" width=\"600\" height=\"400\" src=\"http:\/\/skmtrade.sk\/wp-content\/uploads\/2020\/10\/img-zavitovanie.jpg\" alt=\"\" class=\"wp-image-484\" srcset=\"https:\/\/skmtrade.sk\/wp-content\/uploads\/2020\/10\/img-zavitovanie.jpg 600w, https:\/\/skmtrade.sk\/wp-content\/uploads\/2020\/10\/img-zavitovanie-300x200.jpg 300w\" sizes=\"(max-width: 600px) 100vw, 600px\" \/><\/a><\/figure>\n\n\n\n<p> <a href=\"http:\/\/skmtrade.sk\/en\/nastroje-na-rezanie-zavitov\/\">Taping<\/a><\/p>\n<\/div>\n\n\n\n<div class=\"wp-container-4 wp-block-column\">\n<figure class=\"wp-block-image size-large\"><a href=\"\/en\/nastroje-s-vymenitelnymi-reznymi-dostickami-karbid-pcbn-diamond-ceramic\/\"><img loading=\"lazy\" width=\"600\" height=\"400\" src=\"http:\/\/skmtrade.sk\/wp-content\/uploads\/2020\/10\/img-frezovanie.jpg\" alt=\"\" class=\"wp-image-483\" srcset=\"https:\/\/skmtrade.sk\/wp-content\/uploads\/2020\/10\/img-frezovanie.jpg 600w, https:\/\/skmtrade.sk\/wp-content\/uploads\/2020\/10\/img-frezovanie-300x200.jpg 300w\" sizes=\"(max-width: 600px) 100vw, 600px\" \/><\/a><\/figure>\n\n\n\n<p> <a href=\"http:\/\/skmtrade.sk\/en\/nastroje-s-vymenitelnymi-reznymi-dostickami-karbid-pcbn-diamond-ceramic\/\">Milling<\/a> <\/p>\n<\/div>\n<\/div>\n\n\n\n<p><\/p>","protected":false},"excerpt":{"rendered":"<p>S\u00fastru\u017eenie V\u0155tanie Z\u00e1vitovanie Fr\u00e9zovanie<\/p>","protected":false},"author":1,"featured_media":0,"parent":0,"menu_order":2,"comment_status":"closed","ping_status":"closed","template":"","meta":[],"_links":{"self":[{"href":"http:\/\/skmtrade.sk\/en\/wp-json\/wp\/v2\/pages\/28"}],"collection":[{"href":"http:\/\/skmtrade.sk\/en\/wp-json\/wp\/v2\/pages"}],"about":[{"href":"http:\/\/skmtrade.sk\/en\/wp-json\/wp\/v2\/types\/page"}],"author":[{"embeddable":true,"href":"http:\/\/skmtrade.sk\/en\/wp-json\/wp\/v2\/users\/1"}],"replies":[{"embeddable":true,"href":"http:\/\/skmtrade.sk\/en\/wp-json\/wp\/v2\/comments?post=28"}],"version-history":[{"count":17,"href":"http:\/\/skmtrade.sk\/en\/wp-json\/wp\/v2\/pages\/28\/revisions"}],"predecessor-version":[{"id":516,"href":"http:\/\/skmtrade.sk\/en\/wp-json\/wp\/v2\/pages\/28\/revisions\/516"}],"wp:attachment":[{"href":"http:\/\/skmtrade.sk\/en\/wp-json\/wp\/v2\/media?parent=28"}],"curies":[{"name":"wp","href":"https:\/\/api.w.org\/{rel}","templated":true}]}}