{"id":236,"date":"2020-08-04T12:38:10","date_gmt":"2020-08-04T10:38:10","guid":{"rendered":"http:\/\/skmtrade.sk\/?page_id=236"},"modified":"2025-10-09T13:33:04","modified_gmt":"2025-10-09T11:33:04","slug":"home","status":"publish","type":"page","link":"http:\/\/skmtrade.sk\/en\/","title":{"rendered":"Home"},"content":{"rendered":"<h2 class=\"has-text-align-center\">Na\u0161e Slu\u017eby<\/h2>\n\n\n\n<div class=\"wp-container-5 wp-block-columns\">\n<div class=\"wp-container-1 wp-block-column\">\n<figure class=\"wp-block-image size-large\"><a href=\"\/en\/walter-sustruzenie-vrtanie-zavitovanie-frezovanie-upinanie\/\"><img loading=\"lazy\" width=\"600\" height=\"400\" src=\"http:\/\/skmtrade.sk\/wp-content\/uploads\/2020\/10\/img-sustruzenie.jpg\" alt=\"\" class=\"wp-image-485\" srcset=\"https:\/\/skmtrade.sk\/wp-content\/uploads\/2020\/10\/img-sustruzenie.jpg 600w, https:\/\/skmtrade.sk\/wp-content\/uploads\/2020\/10\/img-sustruzenie-300x200.jpg 300w\" sizes=\"(max-width: 600px) 100vw, 600px\" \/><\/a><\/figure>\n\n\n\n<p><a href=\"\/en\/walter-sustruzenie-vrtanie-zavitovanie-frezovanie-upinanie\/\">Turning<\/a><\/p>\n<\/div>\n\n\n\n<div class=\"wp-container-2 wp-block-column\">\n<figure class=\"wp-block-image size-large\"><a href=\"\/en\/tk-vrtaky-a-frezy\/\"><img loading=\"lazy\" width=\"600\" height=\"400\" src=\"http:\/\/skmtrade.sk\/wp-content\/uploads\/2020\/10\/img-vrtanie.jpg\" alt=\"\" class=\"wp-image-481\" srcset=\"https:\/\/skmtrade.sk\/wp-content\/uploads\/2020\/10\/img-vrtanie.jpg 600w, https:\/\/skmtrade.sk\/wp-content\/uploads\/2020\/10\/img-vrtanie-300x200.jpg 300w\" sizes=\"(max-width: 600px) 100vw, 600px\" \/><\/a><\/figure>\n\n\n\n<p><a href=\"\/en\/tk-vrtaky-a-frezy\/\">Drilling<\/a><\/p>\n<\/div>\n\n\n\n<div class=\"wp-container-3 wp-block-column\">\n<figure class=\"wp-block-image size-large\"><a href=\"\/en\/nastroje-na-rezanie-zavitov\/\"><img loading=\"lazy\" width=\"600\" height=\"400\" src=\"http:\/\/skmtrade.sk\/wp-content\/uploads\/2020\/10\/img-zavitovanie.jpg\" alt=\"\" class=\"wp-image-484\" srcset=\"https:\/\/skmtrade.sk\/wp-content\/uploads\/2020\/10\/img-zavitovanie.jpg 600w, https:\/\/skmtrade.sk\/wp-content\/uploads\/2020\/10\/img-zavitovanie-300x200.jpg 300w\" sizes=\"(max-width: 600px) 100vw, 600px\" \/><\/a><\/figure>\n\n\n\n<p><a href=\"\/en\/nastroje-na-rezanie-zavitov\/\">Taping<\/a><\/p>\n<\/div>\n\n\n\n<div class=\"wp-container-4 wp-block-column\">\n<figure class=\"wp-block-image size-large\"><a href=\"\/en\/nastroje-s-vymenitelnymi-reznymi-dostickami-karbid-pcbn-diamond-ceramic\/\"><img loading=\"lazy\" width=\"600\" height=\"400\" src=\"http:\/\/skmtrade.sk\/wp-content\/uploads\/2020\/10\/img-frezovanie.jpg\" alt=\"\" class=\"wp-image-483\" srcset=\"https:\/\/skmtrade.sk\/wp-content\/uploads\/2020\/10\/img-frezovanie.jpg 600w, https:\/\/skmtrade.sk\/wp-content\/uploads\/2020\/10\/img-frezovanie-300x200.jpg 300w\" sizes=\"(max-width: 600px) 100vw, 600px\" \/><\/a><\/figure>\n\n\n\n<p><a href=\"\/en\/nastroje-s-vymenitelnymi-reznymi-dostickami-karbid-pcbn-diamond-ceramic\/\">Milling<\/a><\/p>\n<\/div>\n<\/div>\n\n\n\n<figure class=\"wp-block-pullquote\"><blockquote><p class=\"has-background has-text-align-center has-very-light-gray-background-color\">Company&nbsp;<strong>SKM TRADE<\/strong> deals with a complete supply of instruments, tools and technology for the machining and working metal .<\/p><\/blockquote><\/figure>\n\n\n\n<div style=\"height:100px\" aria-hidden=\"true\" class=\"wp-block-spacer\"><\/div>\n\n\n\n<h2 class=\"has-text-align-center\">Our Partners<\/h2>\n\n\n\n<div class=\"wp-block-carousel-slider-slider\"><div class=\"carousel-slider-outer carousel-slider-outer-hero-banner-slider carousel-slider-outer-255\" style=\"--carousel-slider-nav-color:#f1f1f1;--carousel-slider-active-nav-color:#ff8400;--carousel-slider-arrow-size:48px;--carousel-slider-bullet-size:10px\">\n<div id=\"&#039;id-255\" class=\"carousel-slider carousel-slider-255 arrows-visibility-hover dots-visibility-never arrows-inside dots-center dots-square owl-carousel\" data-slide-type=\"hero-banner-slider\" data-owl-settings='{\"nav\":true,\"dots\":false,\"slideBy\":1,\"stagePadding\":0,\"margin\":10,\"loop\":true,\"lazyLoad\":false,\"autoplay\":true,\"autoplayTimeout\":5000,\"autoplaySpeed\":500,\"autoplayHoverPause\":false,\"autoWidth\":false,\"responsive\":{\"300\":{\"items\":1},\"576\":{\"items\":2},\"768\":{\"items\":2},\"1024\":{\"items\":3},\"1280\":{\"items\":4},\"1536\":{\"items\":5}}}' data-animation=\"\">\n<div class=\"carousel-slider-hero__cell hero__cell-1\" style=\"--cell-height: 130px\"><div id=\"slide-item-255-1\" class=\"carousel-slider-hero__cell__background\" style=\"background-position:center center;background-size:cover;background-image:url(https:\/\/skmtrade.sk\/wp-content\/uploads\/2020\/08\/1457701806.png);background-color:rgba(0,0,0,0.6)\"><\/div><div class=\"carousel-slider-hero__cell__inner carousel-slider--h-position-center carousel-slider--v-position-middle carousel-slider--text-center\" style=\"padding-top:1rem;padding-right:1rem;padding-bottom:1rem;padding-left:1rem\"><div class=\"carousel-slider-hero__cell__content hidden\" style=\"max-width:240px\" data-animation=\"\"><\/div><\/div><\/div>\n<div class=\"carousel-slider-hero__cell hero__cell-2\" style=\"--cell-height: 130px\"><div id=\"slide-item-255-2\" class=\"carousel-slider-hero__cell__background\" style=\"background-position:center center;background-size:cover;background-image:url(https:\/\/skmtrade.sk\/wp-content\/uploads\/2020\/08\/1454181687.png);background-color:rgba(0,0,0,0.6)\"><\/div><div class=\"carousel-slider-hero__cell__inner carousel-slider--h-position-center carousel-slider--v-position-middle carousel-slider--text-center\" style=\"padding-top:1rem;padding-right:1rem;padding-bottom:1rem;padding-left:1rem\"><div class=\"carousel-slider-hero__cell__content hidden\" style=\"max-width:240px\" data-animation=\"\"><\/div><\/div><\/div>\n<div class=\"carousel-slider-hero__cell hero__cell-3\" style=\"--cell-height: 130px\"><div id=\"slide-item-255-3\" class=\"carousel-slider-hero__cell__background\" style=\"background-position:center center;background-size:cover;background-image:url(https:\/\/skmtrade.sk\/wp-content\/uploads\/2020\/08\/1454181761.png);background-color:rgba(0,0,0,0.6)\"><\/div><div class=\"carousel-slider-hero__cell__inner carousel-slider--h-position-center carousel-slider--v-position-middle carousel-slider--text-center\" style=\"padding-top:1rem;padding-right:1rem;padding-bottom:1rem;padding-left:1rem\"><div class=\"carousel-slider-hero__cell__content hidden\" style=\"max-width:240px\" data-animation=\"\"><\/div><\/div><\/div>\n<div class=\"carousel-slider-hero__cell hero__cell-4\" style=\"--cell-height: 130px\"><div id=\"slide-item-255-4\" class=\"carousel-slider-hero__cell__background\" style=\"background-position:center center;background-size:cover;background-image:url(https:\/\/skmtrade.sk\/wp-content\/uploads\/2020\/08\/1454181699.png);background-color:rgba(0,0,0,0.6)\"><\/div><div class=\"carousel-slider-hero__cell__inner carousel-slider--h-position-center carousel-slider--v-position-middle carousel-slider--text-center\" style=\"padding-top:1rem;padding-right:1rem;padding-bottom:1rem;padding-left:1rem\"><div class=\"carousel-slider-hero__cell__content hidden\" style=\"max-width:240px\" data-animation=\"\"><\/div><\/div><\/div>\n<div class=\"carousel-slider-hero__cell hero__cell-5\" style=\"--cell-height: 130px\"><div id=\"slide-item-255-5\" class=\"carousel-slider-hero__cell__background\" style=\"background-position:center center;background-size:cover;background-image:url(https:\/\/skmtrade.sk\/wp-content\/uploads\/2022\/06\/widia_slider.jpg);background-color:rgba(0,0,0,0.6)\"><\/div><div class=\"carousel-slider-hero__cell__inner carousel-slider--h-position-center carousel-slider--v-position-middle carousel-slider--text-center\" style=\"padding-top:1rem;padding-right:1rem;padding-bottom:1rem;padding-left:1rem\"><div class=\"carousel-slider-hero__cell__content hidden\" style=\"max-width:240px\" data-animation=\"\"><\/div><\/div><\/div>\n<\/div><!-- .carousel-slider-255 -->\n<\/div><!-- .carousel-slider-outer-255 -->\n<\/div>","protected":false},"excerpt":{"rendered":"<p>Na\u0161e Slu\u017eby S\u00fastru\u017eenie V\u0155tanie Z\u00e1vitovanie Fr\u00e9zovanie Spolo\u010dnos\u0165&nbsp;SKM TRADE sa zaober\u00e1 kompletn\u00fdmi dod\u00e1vkami n\u00e1strojov, n\u00e1radia a technol\u00f3giou pre oblas\u0165 trieskov\u00e9ho obr\u00e1bania a spracov\u00e1vania kovov. Na\u0161i Partneri<\/p>","protected":false},"author":1,"featured_media":0,"parent":0,"menu_order":0,"comment_status":"closed","ping_status":"closed","template":"","meta":[],"_links":{"self":[{"href":"http:\/\/skmtrade.sk\/en\/wp-json\/wp\/v2\/pages\/236"}],"collection":[{"href":"http:\/\/skmtrade.sk\/en\/wp-json\/wp\/v2\/pages"}],"about":[{"href":"http:\/\/skmtrade.sk\/en\/wp-json\/wp\/v2\/types\/page"}],"author":[{"embeddable":true,"href":"http:\/\/skmtrade.sk\/en\/wp-json\/wp\/v2\/users\/1"}],"replies":[{"embeddable":true,"href":"http:\/\/skmtrade.sk\/en\/wp-json\/wp\/v2\/comments?post=236"}],"version-history":[{"count":33,"href":"http:\/\/skmtrade.sk\/en\/wp-json\/wp\/v2\/pages\/236\/revisions"}],"predecessor-version":[{"id":995,"href":"http:\/\/skmtrade.sk\/en\/wp-json\/wp\/v2\/pages\/236\/revisions\/995"}],"wp:attachment":[{"href":"http:\/\/skmtrade.sk\/en\/wp-json\/wp\/v2\/media?parent=236"}],"curies":[{"name":"wp","href":"https:\/\/api.w.org\/{rel}","templated":true}]}}